{"id":10472,"date":"2025-04-03T20:33:02","date_gmt":"2025-04-03T18:33:02","guid":{"rendered":"https:\/\/www.mannekenfiets.be\/product\/motobecane-roadie-blue-white-4\/"},"modified":"2026-05-02T22:31:11","modified_gmt":"2026-05-02T20:31:11","slug":"motobecane-roadie-blue-white-4","status":"publish","type":"product","link":"https:\/\/www.mannekenfiets.be\/nl\/product\/motobecane-roadie-blue-white-4\/","title":{"rendered":"Motobecane Roadie White"},"content":{"rendered":"","protected":false},"excerpt":{"rendered":"<p>La draisienne Motobecane Roadie permet \u00e0 votre enfant de passer une quantite de moments agreables et soutien ses premiers pas dans le monde du velo.<\/p>\n<p>La Roadie p\u00e8se moins de 3 kilos et a un cadre robuste en aluminium-magnesium, donc m\u00eame les plus jeunes la manieront facilement.<\/p>\n<p>En plus, la Roadie a une quantite de super fonctionnalites telles qu\u2019un support antiderapant pour les pieds, des pneus qui assurent une bonne experience de conduite, une tige de selle facile \u00e0 regler et des poignees ergonomiques.<\/p>\n","protected":false},"featured_media":10473,"template":"","meta":{"_monsterinsights_skip_tracking":false,"_monsterinsights_sitenote_active":false,"_monsterinsights_sitenote_note":"","_monsterinsights_sitenote_category":0},"product_brand":[1116],"product_cat":[80],"product_tag":[],"class_list":{"0":"post-10472","1":"product","2":"type-product","3":"status-publish","4":"has-post-thumbnail","6":"product_brand-motobecane","7":"product_cat-kinderfietsen","8":"product_shipping_class-fiets","10":"first","11":"instock","12":"shipping-taxable","13":"product-type-simple"},"yoast_head":"<!-- This site is optimized with the Yoast SEO plugin v26.8 - https:\/\/yoast.com\/product\/yoast-seo-wordpress\/ -->\n<title>Motobecane Roadie White - Manneken Fiets<\/title>\n<meta name=\"robots\" content=\"index, follow, max-snippet:-1, max-image-preview:large, max-video-preview:-1\" \/>\n<link rel=\"canonical\" href=\"https:\/\/www.mannekenfiets.be\/nl\/product\/motobecane-roadie-blue-white-4\/\" \/>\n<meta property=\"og:locale\" content=\"nl_NL\" \/>\n<meta property=\"og:type\" content=\"article\" \/>\n<meta property=\"og:title\" content=\"Motobecane Roadie White - Manneken Fiets\" \/>\n<meta property=\"og:description\" content=\"La draisienne Motobecane Roadie permet \u00e0 votre enfant de passer une quantite de moments agreables et soutien ses premiers pas dans le monde du velo. La Roadie p\u00e8se moins de 3 kilos et a un cadre robuste en aluminium-magnesium, donc m\u00eame les plus jeunes la manieront facilement. En plus, la Roadie a une quantite de super fonctionnalites telles qu\u2019un support antiderapant pour les pieds, des pneus qui assurent une bonne experience de conduite, une tige de selle facile \u00e0 regler et des poignees ergonomiques.\" \/>\n<meta property=\"og:url\" content=\"https:\/\/www.mannekenfiets.be\/nl\/product\/motobecane-roadie-blue-white-4\/\" \/>\n<meta property=\"og:site_name\" content=\"Manneken Fiets\" \/>\n<meta property=\"article:modified_time\" content=\"2026-05-02T20:31:11+00:00\" \/>\n<meta property=\"og:image\" content=\"https:\/\/www.mannekenfiets.be\/wp-content\/uploads\/2025\/04\/artPic_public_L_3948154.jpg\" \/>\n\t<meta property=\"og:image:width\" content=\"1080\" \/>\n\t<meta property=\"og:image:height\" content=\"677\" \/>\n\t<meta property=\"og:image:type\" content=\"image\/jpeg\" \/>\n<meta name=\"twitter:card\" content=\"summary_large_image\" \/>\n<script type=\"application\/ld+json\" class=\"yoast-schema-graph\">{\"@context\":\"https:\/\/schema.org\",\"@graph\":[{\"@type\":\"WebPage\",\"@id\":\"https:\/\/www.mannekenfiets.be\/nl\/product\/motobecane-roadie-blue-white-4\/\",\"url\":\"https:\/\/www.mannekenfiets.be\/nl\/product\/motobecane-roadie-blue-white-4\/\",\"name\":\"Motobecane Roadie White - Manneken Fiets\",\"isPartOf\":{\"@id\":\"https:\/\/www.mannekenfiets.be\/nl\/#website\"},\"primaryImageOfPage\":{\"@id\":\"https:\/\/www.mannekenfiets.be\/nl\/product\/motobecane-roadie-blue-white-4\/#primaryimage\"},\"image\":{\"@id\":\"https:\/\/www.mannekenfiets.be\/nl\/product\/motobecane-roadie-blue-white-4\/#primaryimage\"},\"thumbnailUrl\":\"https:\/\/www.mannekenfiets.be\/wp-content\/uploads\/2025\/04\/artPic_public_L_3948154.jpg\",\"datePublished\":\"2025-04-03T18:33:02+00:00\",\"dateModified\":\"2026-05-02T20:31:11+00:00\",\"breadcrumb\":{\"@id\":\"https:\/\/www.mannekenfiets.be\/nl\/product\/motobecane-roadie-blue-white-4\/#breadcrumb\"},\"inLanguage\":\"nl-NL\",\"potentialAction\":[{\"@type\":\"ReadAction\",\"target\":[\"https:\/\/www.mannekenfiets.be\/nl\/product\/motobecane-roadie-blue-white-4\/\"]}]},{\"@type\":\"ImageObject\",\"inLanguage\":\"nl-NL\",\"@id\":\"https:\/\/www.mannekenfiets.be\/nl\/product\/motobecane-roadie-blue-white-4\/#primaryimage\",\"url\":\"https:\/\/www.mannekenfiets.be\/wp-content\/uploads\/2025\/04\/artPic_public_L_3948154.jpg\",\"contentUrl\":\"https:\/\/www.mannekenfiets.be\/wp-content\/uploads\/2025\/04\/artPic_public_L_3948154.jpg\",\"width\":1080,\"height\":677},{\"@type\":\"BreadcrumbList\",\"@id\":\"https:\/\/www.mannekenfiets.be\/nl\/product\/motobecane-roadie-blue-white-4\/#breadcrumb\",\"itemListElement\":[{\"@type\":\"ListItem\",\"position\":1,\"name\":\"Accueil\",\"item\":\"https:\/\/www.mannekenfiets.be\/nl\/home\/\"},{\"@type\":\"ListItem\",\"position\":2,\"name\":\"Fietsen\",\"item\":\"https:\/\/www.mannekenfiets.be\/nl\/fietsen\/\"},{\"@type\":\"ListItem\",\"position\":3,\"name\":\"Motobecane Roadie White\"}]},{\"@type\":\"WebSite\",\"@id\":\"https:\/\/www.mannekenfiets.be\/nl\/#website\",\"url\":\"https:\/\/www.mannekenfiets.be\/nl\/\",\"name\":\"Manneken Fiets\",\"description\":\"\",\"publisher\":{\"@id\":\"https:\/\/www.mannekenfiets.be\/nl\/#organization\"},\"potentialAction\":[{\"@type\":\"SearchAction\",\"target\":{\"@type\":\"EntryPoint\",\"urlTemplate\":\"https:\/\/www.mannekenfiets.be\/nl\/?s={search_term_string}\"},\"query-input\":{\"@type\":\"PropertyValueSpecification\",\"valueRequired\":true,\"valueName\":\"search_term_string\"}}],\"inLanguage\":\"nl-NL\"},{\"@type\":\"Organization\",\"@id\":\"https:\/\/www.mannekenfiets.be\/nl\/#organization\",\"name\":\"Manneken Fiets\",\"url\":\"https:\/\/www.mannekenfiets.be\/nl\/\",\"logo\":{\"@type\":\"ImageObject\",\"inLanguage\":\"nl-NL\",\"@id\":\"https:\/\/www.mannekenfiets.be\/nl\/#\/schema\/logo\/image\/\",\"url\":\"https:\/\/www.mannekenfiets.be\/wp-content\/uploads\/2020\/05\/Schermafbeelding-2020-05-05-om-10.33.21-e1589351777361.png\",\"contentUrl\":\"https:\/\/www.mannekenfiets.be\/wp-content\/uploads\/2020\/05\/Schermafbeelding-2020-05-05-om-10.33.21-e1589351777361.png\",\"width\":832,\"height\":509,\"caption\":\"Manneken Fiets\"},\"image\":{\"@id\":\"https:\/\/www.mannekenfiets.be\/nl\/#\/schema\/logo\/image\/\"}}]}<\/script>\n<!-- \/ Yoast SEO plugin. -->","yoast_head_json":{"title":"Motobecane Roadie White - Manneken Fiets","robots":{"index":"index","follow":"follow","max-snippet":"max-snippet:-1","max-image-preview":"max-image-preview:large","max-video-preview":"max-video-preview:-1"},"canonical":"https:\/\/www.mannekenfiets.be\/nl\/product\/motobecane-roadie-blue-white-4\/","og_locale":"nl_NL","og_type":"article","og_title":"Motobecane Roadie White - Manneken Fiets","og_description":"La draisienne Motobecane Roadie permet \u00e0 votre enfant de passer une quantite de moments agreables et soutien ses premiers pas dans le monde du velo. La Roadie p\u00e8se moins de 3 kilos et a un cadre robuste en aluminium-magnesium, donc m\u00eame les plus jeunes la manieront facilement. En plus, la Roadie a une quantite de super fonctionnalites telles qu\u2019un support antiderapant pour les pieds, des pneus qui assurent une bonne experience de conduite, une tige de selle facile \u00e0 regler et des poignees ergonomiques.","og_url":"https:\/\/www.mannekenfiets.be\/nl\/product\/motobecane-roadie-blue-white-4\/","og_site_name":"Manneken Fiets","article_modified_time":"2026-05-02T20:31:11+00:00","og_image":[{"width":1080,"height":677,"url":"https:\/\/www.mannekenfiets.be\/wp-content\/uploads\/2025\/04\/artPic_public_L_3948154.jpg","type":"image\/jpeg"}],"twitter_card":"summary_large_image","schema":{"@context":"https:\/\/schema.org","@graph":[{"@type":"WebPage","@id":"https:\/\/www.mannekenfiets.be\/nl\/product\/motobecane-roadie-blue-white-4\/","url":"https:\/\/www.mannekenfiets.be\/nl\/product\/motobecane-roadie-blue-white-4\/","name":"Motobecane Roadie White - Manneken Fiets","isPartOf":{"@id":"https:\/\/www.mannekenfiets.be\/nl\/#website"},"primaryImageOfPage":{"@id":"https:\/\/www.mannekenfiets.be\/nl\/product\/motobecane-roadie-blue-white-4\/#primaryimage"},"image":{"@id":"https:\/\/www.mannekenfiets.be\/nl\/product\/motobecane-roadie-blue-white-4\/#primaryimage"},"thumbnailUrl":"https:\/\/www.mannekenfiets.be\/wp-content\/uploads\/2025\/04\/artPic_public_L_3948154.jpg","datePublished":"2025-04-03T18:33:02+00:00","dateModified":"2026-05-02T20:31:11+00:00","breadcrumb":{"@id":"https:\/\/www.mannekenfiets.be\/nl\/product\/motobecane-roadie-blue-white-4\/#breadcrumb"},"inLanguage":"nl-NL","potentialAction":[{"@type":"ReadAction","target":["https:\/\/www.mannekenfiets.be\/nl\/product\/motobecane-roadie-blue-white-4\/"]}]},{"@type":"ImageObject","inLanguage":"nl-NL","@id":"https:\/\/www.mannekenfiets.be\/nl\/product\/motobecane-roadie-blue-white-4\/#primaryimage","url":"https:\/\/www.mannekenfiets.be\/wp-content\/uploads\/2025\/04\/artPic_public_L_3948154.jpg","contentUrl":"https:\/\/www.mannekenfiets.be\/wp-content\/uploads\/2025\/04\/artPic_public_L_3948154.jpg","width":1080,"height":677},{"@type":"BreadcrumbList","@id":"https:\/\/www.mannekenfiets.be\/nl\/product\/motobecane-roadie-blue-white-4\/#breadcrumb","itemListElement":[{"@type":"ListItem","position":1,"name":"Accueil","item":"https:\/\/www.mannekenfiets.be\/nl\/home\/"},{"@type":"ListItem","position":2,"name":"Fietsen","item":"https:\/\/www.mannekenfiets.be\/nl\/fietsen\/"},{"@type":"ListItem","position":3,"name":"Motobecane Roadie White"}]},{"@type":"WebSite","@id":"https:\/\/www.mannekenfiets.be\/nl\/#website","url":"https:\/\/www.mannekenfiets.be\/nl\/","name":"Manneken Fiets","description":"","publisher":{"@id":"https:\/\/www.mannekenfiets.be\/nl\/#organization"},"potentialAction":[{"@type":"SearchAction","target":{"@type":"EntryPoint","urlTemplate":"https:\/\/www.mannekenfiets.be\/nl\/?s={search_term_string}"},"query-input":{"@type":"PropertyValueSpecification","valueRequired":true,"valueName":"search_term_string"}}],"inLanguage":"nl-NL"},{"@type":"Organization","@id":"https:\/\/www.mannekenfiets.be\/nl\/#organization","name":"Manneken Fiets","url":"https:\/\/www.mannekenfiets.be\/nl\/","logo":{"@type":"ImageObject","inLanguage":"nl-NL","@id":"https:\/\/www.mannekenfiets.be\/nl\/#\/schema\/logo\/image\/","url":"https:\/\/www.mannekenfiets.be\/wp-content\/uploads\/2020\/05\/Schermafbeelding-2020-05-05-om-10.33.21-e1589351777361.png","contentUrl":"https:\/\/www.mannekenfiets.be\/wp-content\/uploads\/2020\/05\/Schermafbeelding-2020-05-05-om-10.33.21-e1589351777361.png","width":832,"height":509,"caption":"Manneken Fiets"},"image":{"@id":"https:\/\/www.mannekenfiets.be\/nl\/#\/schema\/logo\/image\/"}}]}},"_links":{"self":[{"href":"https:\/\/www.mannekenfiets.be\/nl\/wp-json\/wp\/v2\/product\/10472","targetHints":{"allow":["GET"]}}],"collection":[{"href":"https:\/\/www.mannekenfiets.be\/nl\/wp-json\/wp\/v2\/product"}],"about":[{"href":"https:\/\/www.mannekenfiets.be\/nl\/wp-json\/wp\/v2\/types\/product"}],"wp:featuredmedia":[{"embeddable":true,"href":"https:\/\/www.mannekenfiets.be\/nl\/wp-json\/wp\/v2\/media\/10473"}],"wp:attachment":[{"href":"https:\/\/www.mannekenfiets.be\/nl\/wp-json\/wp\/v2\/media?parent=10472"}],"wp:term":[{"taxonomy":"product_brand","embeddable":true,"href":"https:\/\/www.mannekenfiets.be\/nl\/wp-json\/wp\/v2\/product_brand?post=10472"},{"taxonomy":"product_cat","embeddable":true,"href":"https:\/\/www.mannekenfiets.be\/nl\/wp-json\/wp\/v2\/product_cat?post=10472"},{"taxonomy":"product_tag","embeddable":true,"href":"https:\/\/www.mannekenfiets.be\/nl\/wp-json\/wp\/v2\/product_tag?post=10472"}],"curies":[{"name":"wp","href":"https:\/\/api.w.org\/{rel}","templated":true}]}}