{"id":8911,"date":"2023-09-07T18:10:52","date_gmt":"2023-09-07T16:10:52","guid":{"rendered":"https:\/\/www.mannekenfiets.be\/product\/moustache-lundi-27-3-2\/"},"modified":"2026-05-03T00:59:09","modified_gmt":"2026-05-02T22:59:09","slug":"moustache-lundi-27-3-2","status":"publish","type":"product","link":"https:\/\/www.mannekenfiets.be\/fr\/product\/moustache-lundi-27-3-2\/","title":{"rendered":"Moustache Lundi 27.3"},"content":{"rendered":"","protected":false},"excerpt":{"rendered":"<p>La terre est ronde, mais toutes les villes ne sont pas plates. Affronter les montees les plus sev\u00e8res ne sera qu&rsquo;une formalite au fameux guidon de Lundi 27.3 bien assiste par le Smart System de Bosch. Trop facile, m\u00eame apr\u00e8s avoir charge la mule avec un porte-bebe, un panier ou encore des sacoches bien remplies, en quelques secondes et d&rsquo;un simple clic sur son porte-bagages compatible QL3 et MIK HD. Pas de temps \u00e0 perdre \u00e0 traverser la ville et prendre du plaisir au fameux guidon du Lundi 27.3 !<\/p>\n<p>&#8211; <\/p>\n<p>De aarde is rond, maar niet alle steden zijn plat. De zwaarste beklimmingen trotseren wordt een formaliteit met het befaamde Lundi 27.3 stuur, geholpen en ondersteund door het Bosch Smart System. Het is maar al te gemakkelijk, zelfs nadat je de muilezel hebt volgeladen met een babydrager, mand of fietstassen die slechts een paar seconden en een simpele klik verwijderd zijn van je QL3 en MIK HD compatibele drager. Je hoeft dus geen tijd te verspillen door de stad te rijden en te genieten van het beroemde Monday 27.3 stuur!<\/p>\n","protected":false},"featured_media":8888,"template":"","meta":{"_monsterinsights_skip_tracking":false,"_monsterinsights_sitenote_active":false,"_monsterinsights_sitenote_note":"","_monsterinsights_sitenote_category":0},"product_brand":[],"product_cat":[61,158],"product_tag":[],"class_list":{"0":"post-8911","1":"product","2":"type-product","3":"status-publish","4":"has-post-thumbnail","6":"product_cat-stadsfietsen","7":"product_cat-velos-de-ville","8":"product_shipping_class-fiets","9":"product_shipping_class-fiets-fr","11":"first","12":"outofstock","13":"shipping-taxable","14":"product-type-variable","15":"has-default-attributes"},"yoast_head":"<!-- This site is optimized with the Yoast SEO plugin v26.8 - https:\/\/yoast.com\/product\/yoast-seo-wordpress\/ -->\n<title>Moustache Lundi 27.3 - Manneken Fiets<\/title>\n<meta name=\"robots\" content=\"index, follow, max-snippet:-1, max-image-preview:large, max-video-preview:-1\" \/>\n<link rel=\"canonical\" href=\"https:\/\/www.mannekenfiets.be\/fr\/product\/moustache-lundi-27-3-2\/\" \/>\n<meta property=\"og:locale\" content=\"fr_FR\" \/>\n<meta property=\"og:type\" content=\"article\" \/>\n<meta property=\"og:title\" content=\"Moustache Lundi 27.3 - Manneken Fiets\" \/>\n<meta property=\"og:description\" content=\"La terre est ronde, mais toutes les villes ne sont pas plates. Affronter les montees les plus sev\u00e8res ne sera qu&#039;une formalite au fameux guidon de Lundi 27.3 bien assiste par le Smart System de Bosch. Trop facile, m\u00eame apr\u00e8s avoir charge la mule avec un porte-bebe, un panier ou encore des sacoches bien remplies, en quelques secondes et d&#039;un simple clic sur son porte-bagages compatible QL3 et MIK HD. Pas de temps \u00e0 perdre \u00e0 traverser la ville et prendre du plaisir au fameux guidon du Lundi 27.3 ! -  De aarde is rond, maar niet alle steden zijn plat. De zwaarste beklimmingen trotseren wordt een formaliteit met het befaamde Lundi 27.3 stuur, geholpen en ondersteund door het Bosch Smart System. Het is maar al te gemakkelijk, zelfs nadat je de muilezel hebt volgeladen met een babydrager, mand of fietstassen die slechts een paar seconden en een simpele klik verwijderd zijn van je QL3 en MIK HD compatibele drager. Je hoeft dus geen tijd te verspillen door de stad te rijden en te genieten van het beroemde Monday 27.3 stuur!\" \/>\n<meta property=\"og:url\" content=\"https:\/\/www.mannekenfiets.be\/fr\/product\/moustache-lundi-27-3-2\/\" \/>\n<meta property=\"og:site_name\" content=\"Manneken Fiets\" \/>\n<meta property=\"article:modified_time\" content=\"2026-05-02T22:59:09+00:00\" \/>\n<meta property=\"og:image\" content=\"https:\/\/www.mannekenfiets.be\/wp-content\/uploads\/2023\/09\/artPic_public_L_3167710.jpg\" \/>\n\t<meta property=\"og:image:width\" content=\"1200\" \/>\n\t<meta property=\"og:image:height\" content=\"728\" \/>\n\t<meta property=\"og:image:type\" content=\"image\/jpeg\" \/>\n<meta name=\"twitter:card\" content=\"summary_large_image\" \/>\n<script type=\"application\/ld+json\" class=\"yoast-schema-graph\">{\"@context\":\"https:\/\/schema.org\",\"@graph\":[{\"@type\":\"WebPage\",\"@id\":\"https:\/\/www.mannekenfiets.be\/fr\/product\/moustache-lundi-27-3-2\/\",\"url\":\"https:\/\/www.mannekenfiets.be\/fr\/product\/moustache-lundi-27-3-2\/\",\"name\":\"Moustache Lundi 27.3 - Manneken Fiets\",\"isPartOf\":{\"@id\":\"https:\/\/www.mannekenfiets.be\/fr\/#website\"},\"primaryImageOfPage\":{\"@id\":\"https:\/\/www.mannekenfiets.be\/fr\/product\/moustache-lundi-27-3-2\/#primaryimage\"},\"image\":{\"@id\":\"https:\/\/www.mannekenfiets.be\/fr\/product\/moustache-lundi-27-3-2\/#primaryimage\"},\"thumbnailUrl\":\"https:\/\/www.mannekenfiets.be\/wp-content\/uploads\/2023\/09\/artPic_public_L_3167710.jpg\",\"datePublished\":\"2023-09-07T16:10:52+00:00\",\"dateModified\":\"2026-05-02T22:59:09+00:00\",\"breadcrumb\":{\"@id\":\"https:\/\/www.mannekenfiets.be\/fr\/product\/moustache-lundi-27-3-2\/#breadcrumb\"},\"inLanguage\":\"fr-FR\",\"potentialAction\":[{\"@type\":\"ReadAction\",\"target\":[\"https:\/\/www.mannekenfiets.be\/fr\/product\/moustache-lundi-27-3-2\/\"]}]},{\"@type\":\"ImageObject\",\"inLanguage\":\"fr-FR\",\"@id\":\"https:\/\/www.mannekenfiets.be\/fr\/product\/moustache-lundi-27-3-2\/#primaryimage\",\"url\":\"https:\/\/www.mannekenfiets.be\/wp-content\/uploads\/2023\/09\/artPic_public_L_3167710.jpg\",\"contentUrl\":\"https:\/\/www.mannekenfiets.be\/wp-content\/uploads\/2023\/09\/artPic_public_L_3167710.jpg\",\"width\":1200,\"height\":728},{\"@type\":\"BreadcrumbList\",\"@id\":\"https:\/\/www.mannekenfiets.be\/fr\/product\/moustache-lundi-27-3-2\/#breadcrumb\",\"itemListElement\":[{\"@type\":\"ListItem\",\"position\":1,\"name\":\"Accueil\",\"item\":\"https:\/\/www.mannekenfiets.be\/fr\/home\/\"},{\"@type\":\"ListItem\",\"position\":2,\"name\":\"V\u00e9los\",\"item\":\"https:\/\/www.mannekenfiets.be\/nl\/fietsen\/\"},{\"@type\":\"ListItem\",\"position\":3,\"name\":\"Moustache Lundi 27.3\"}]},{\"@type\":\"WebSite\",\"@id\":\"https:\/\/www.mannekenfiets.be\/fr\/#website\",\"url\":\"https:\/\/www.mannekenfiets.be\/fr\/\",\"name\":\"Manneken Fiets\",\"description\":\"\",\"publisher\":{\"@id\":\"https:\/\/www.mannekenfiets.be\/fr\/#organization\"},\"potentialAction\":[{\"@type\":\"SearchAction\",\"target\":{\"@type\":\"EntryPoint\",\"urlTemplate\":\"https:\/\/www.mannekenfiets.be\/fr\/?s={search_term_string}\"},\"query-input\":{\"@type\":\"PropertyValueSpecification\",\"valueRequired\":true,\"valueName\":\"search_term_string\"}}],\"inLanguage\":\"fr-FR\"},{\"@type\":\"Organization\",\"@id\":\"https:\/\/www.mannekenfiets.be\/fr\/#organization\",\"name\":\"Manneken Fiets\",\"url\":\"https:\/\/www.mannekenfiets.be\/fr\/\",\"logo\":{\"@type\":\"ImageObject\",\"inLanguage\":\"fr-FR\",\"@id\":\"https:\/\/www.mannekenfiets.be\/fr\/#\/schema\/logo\/image\/\",\"url\":\"https:\/\/www.mannekenfiets.be\/wp-content\/uploads\/2020\/05\/Schermafbeelding-2020-05-05-om-10.33.21-e1589351777361.png\",\"contentUrl\":\"https:\/\/www.mannekenfiets.be\/wp-content\/uploads\/2020\/05\/Schermafbeelding-2020-05-05-om-10.33.21-e1589351777361.png\",\"width\":832,\"height\":509,\"caption\":\"Manneken Fiets\"},\"image\":{\"@id\":\"https:\/\/www.mannekenfiets.be\/fr\/#\/schema\/logo\/image\/\"}}]}<\/script>\n<!-- \/ Yoast SEO plugin. -->","yoast_head_json":{"title":"Moustache Lundi 27.3 - Manneken Fiets","robots":{"index":"index","follow":"follow","max-snippet":"max-snippet:-1","max-image-preview":"max-image-preview:large","max-video-preview":"max-video-preview:-1"},"canonical":"https:\/\/www.mannekenfiets.be\/fr\/product\/moustache-lundi-27-3-2\/","og_locale":"fr_FR","og_type":"article","og_title":"Moustache Lundi 27.3 - Manneken Fiets","og_description":"La terre est ronde, mais toutes les villes ne sont pas plates. Affronter les montees les plus sev\u00e8res ne sera qu'une formalite au fameux guidon de Lundi 27.3 bien assiste par le Smart System de Bosch. Trop facile, m\u00eame apr\u00e8s avoir charge la mule avec un porte-bebe, un panier ou encore des sacoches bien remplies, en quelques secondes et d'un simple clic sur son porte-bagages compatible QL3 et MIK HD. Pas de temps \u00e0 perdre \u00e0 traverser la ville et prendre du plaisir au fameux guidon du Lundi 27.3 ! -  De aarde is rond, maar niet alle steden zijn plat. De zwaarste beklimmingen trotseren wordt een formaliteit met het befaamde Lundi 27.3 stuur, geholpen en ondersteund door het Bosch Smart System. Het is maar al te gemakkelijk, zelfs nadat je de muilezel hebt volgeladen met een babydrager, mand of fietstassen die slechts een paar seconden en een simpele klik verwijderd zijn van je QL3 en MIK HD compatibele drager. Je hoeft dus geen tijd te verspillen door de stad te rijden en te genieten van het beroemde Monday 27.3 stuur!","og_url":"https:\/\/www.mannekenfiets.be\/fr\/product\/moustache-lundi-27-3-2\/","og_site_name":"Manneken Fiets","article_modified_time":"2026-05-02T22:59:09+00:00","og_image":[{"width":1200,"height":728,"url":"https:\/\/www.mannekenfiets.be\/wp-content\/uploads\/2023\/09\/artPic_public_L_3167710.jpg","type":"image\/jpeg"}],"twitter_card":"summary_large_image","schema":{"@context":"https:\/\/schema.org","@graph":[{"@type":"WebPage","@id":"https:\/\/www.mannekenfiets.be\/fr\/product\/moustache-lundi-27-3-2\/","url":"https:\/\/www.mannekenfiets.be\/fr\/product\/moustache-lundi-27-3-2\/","name":"Moustache Lundi 27.3 - Manneken Fiets","isPartOf":{"@id":"https:\/\/www.mannekenfiets.be\/fr\/#website"},"primaryImageOfPage":{"@id":"https:\/\/www.mannekenfiets.be\/fr\/product\/moustache-lundi-27-3-2\/#primaryimage"},"image":{"@id":"https:\/\/www.mannekenfiets.be\/fr\/product\/moustache-lundi-27-3-2\/#primaryimage"},"thumbnailUrl":"https:\/\/www.mannekenfiets.be\/wp-content\/uploads\/2023\/09\/artPic_public_L_3167710.jpg","datePublished":"2023-09-07T16:10:52+00:00","dateModified":"2026-05-02T22:59:09+00:00","breadcrumb":{"@id":"https:\/\/www.mannekenfiets.be\/fr\/product\/moustache-lundi-27-3-2\/#breadcrumb"},"inLanguage":"fr-FR","potentialAction":[{"@type":"ReadAction","target":["https:\/\/www.mannekenfiets.be\/fr\/product\/moustache-lundi-27-3-2\/"]}]},{"@type":"ImageObject","inLanguage":"fr-FR","@id":"https:\/\/www.mannekenfiets.be\/fr\/product\/moustache-lundi-27-3-2\/#primaryimage","url":"https:\/\/www.mannekenfiets.be\/wp-content\/uploads\/2023\/09\/artPic_public_L_3167710.jpg","contentUrl":"https:\/\/www.mannekenfiets.be\/wp-content\/uploads\/2023\/09\/artPic_public_L_3167710.jpg","width":1200,"height":728},{"@type":"BreadcrumbList","@id":"https:\/\/www.mannekenfiets.be\/fr\/product\/moustache-lundi-27-3-2\/#breadcrumb","itemListElement":[{"@type":"ListItem","position":1,"name":"Accueil","item":"https:\/\/www.mannekenfiets.be\/fr\/home\/"},{"@type":"ListItem","position":2,"name":"V\u00e9los","item":"https:\/\/www.mannekenfiets.be\/nl\/fietsen\/"},{"@type":"ListItem","position":3,"name":"Moustache Lundi 27.3"}]},{"@type":"WebSite","@id":"https:\/\/www.mannekenfiets.be\/fr\/#website","url":"https:\/\/www.mannekenfiets.be\/fr\/","name":"Manneken Fiets","description":"","publisher":{"@id":"https:\/\/www.mannekenfiets.be\/fr\/#organization"},"potentialAction":[{"@type":"SearchAction","target":{"@type":"EntryPoint","urlTemplate":"https:\/\/www.mannekenfiets.be\/fr\/?s={search_term_string}"},"query-input":{"@type":"PropertyValueSpecification","valueRequired":true,"valueName":"search_term_string"}}],"inLanguage":"fr-FR"},{"@type":"Organization","@id":"https:\/\/www.mannekenfiets.be\/fr\/#organization","name":"Manneken Fiets","url":"https:\/\/www.mannekenfiets.be\/fr\/","logo":{"@type":"ImageObject","inLanguage":"fr-FR","@id":"https:\/\/www.mannekenfiets.be\/fr\/#\/schema\/logo\/image\/","url":"https:\/\/www.mannekenfiets.be\/wp-content\/uploads\/2020\/05\/Schermafbeelding-2020-05-05-om-10.33.21-e1589351777361.png","contentUrl":"https:\/\/www.mannekenfiets.be\/wp-content\/uploads\/2020\/05\/Schermafbeelding-2020-05-05-om-10.33.21-e1589351777361.png","width":832,"height":509,"caption":"Manneken Fiets"},"image":{"@id":"https:\/\/www.mannekenfiets.be\/fr\/#\/schema\/logo\/image\/"}}]}},"_links":{"self":[{"href":"https:\/\/www.mannekenfiets.be\/fr\/wp-json\/wp\/v2\/product\/8911","targetHints":{"allow":["GET"]}}],"collection":[{"href":"https:\/\/www.mannekenfiets.be\/fr\/wp-json\/wp\/v2\/product"}],"about":[{"href":"https:\/\/www.mannekenfiets.be\/fr\/wp-json\/wp\/v2\/types\/product"}],"wp:featuredmedia":[{"embeddable":true,"href":"https:\/\/www.mannekenfiets.be\/fr\/wp-json\/wp\/v2\/media\/8888"}],"wp:attachment":[{"href":"https:\/\/www.mannekenfiets.be\/fr\/wp-json\/wp\/v2\/media?parent=8911"}],"wp:term":[{"taxonomy":"product_brand","embeddable":true,"href":"https:\/\/www.mannekenfiets.be\/fr\/wp-json\/wp\/v2\/product_brand?post=8911"},{"taxonomy":"product_cat","embeddable":true,"href":"https:\/\/www.mannekenfiets.be\/fr\/wp-json\/wp\/v2\/product_cat?post=8911"},{"taxonomy":"product_tag","embeddable":true,"href":"https:\/\/www.mannekenfiets.be\/fr\/wp-json\/wp\/v2\/product_tag?post=8911"}],"curies":[{"name":"wp","href":"https:\/\/api.w.org\/{rel}","templated":true}]}}