{"id":1690,"date":"2020-05-16T20:07:07","date_gmt":"2020-05-16T18:07:07","guid":{"rendered":"https:\/\/www.mannekenfiets.be\/prendre-rendez-vous\/"},"modified":"2024-06-11T10:43:58","modified_gmt":"2024-06-11T08:43:58","slug":"prendre-rendez-vous","status":"publish","type":"page","link":"https:\/\/www.mannekenfiets.be\/fr\/prendre-rendez-vous\/","title":{"rendered":"Prendre rendez-vous"},"content":{"rendered":"\n<style type=\"text\/css\" data-created_by=\"avia_inline_auto\" id=\"style-css-av-av_heading-7c7f57d89992149f1ffcf145cdee7941\">\n#top .av-special-heading.av-av_heading-7c7f57d89992149f1ffcf145cdee7941{\npadding-bottom:10px;\nfont-size:30px;\n}\nbody .av-special-heading.av-av_heading-7c7f57d89992149f1ffcf145cdee7941 .av-special-heading-tag .heading-char{\nfont-size:25px;\n}\n#top #wrap_all .av-special-heading.av-av_heading-7c7f57d89992149f1ffcf145cdee7941 .av-special-heading-tag{\nfont-size:30px;\n}\n.av-special-heading.av-av_heading-7c7f57d89992149f1ffcf145cdee7941 .av-subheading{\nfont-size:15px;\n}\n\n@media only screen and (min-width: 480px) and (max-width: 767px){ \n#top #wrap_all .av-special-heading.av-av_heading-7c7f57d89992149f1ffcf145cdee7941 .av-special-heading-tag{\nfont-size:0.8em;\n}\n}\n\n@media only screen and (max-width: 479px){ \n#top #wrap_all .av-special-heading.av-av_heading-7c7f57d89992149f1ffcf145cdee7941 .av-special-heading-tag{\nfont-size:0.8em;\n}\n}\n<\/style>\n<div  class='av-special-heading av-av_heading-7c7f57d89992149f1ffcf145cdee7941 av-special-heading-h3 blockquote modern-quote modern-centered  avia-builder-el-0  el_before_av_hr  avia-builder-el-first  av-inherit-size'><h3 class='av-special-heading-tag '  itemprop=\"headline\"  >PRENDRE RENDEZ-VOUS<\/h3><div class=\"special-heading-border\"><div class=\"special-heading-inner-border\"><\/div><\/div><\/div>\n\n<style type=\"text\/css\" data-created_by=\"avia_inline_auto\" id=\"style-css-av-ka9n6up5-5f512fd85d8904c5abe13a5397de0d4f\">\n#top .hr.hr-invisible.av-ka9n6up5-5f512fd85d8904c5abe13a5397de0d4f{\nheight:20px;\n}\n<\/style>\n<div  class='hr av-ka9n6up5-5f512fd85d8904c5abe13a5397de0d4f hr-invisible  avia-builder-el-1  el_after_av_heading  el_before_av_one_fifth '><span class='hr-inner '><span class=\"hr-inner-style\"><\/span><\/span><\/div>\n\n<style type=\"text\/css\" data-created_by=\"avia_inline_auto\" id=\"style-css-av-iy9fo-28e98f691fa86795714e8282caf97086\">\n.flex_column.av-iy9fo-28e98f691fa86795714e8282caf97086{\nborder-radius:0px 0px 0px 0px;\npadding:0px 0px 0px 0px;\n}\n<\/style>\n<div  class='flex_column av-iy9fo-28e98f691fa86795714e8282caf97086 av_one_fifth  avia-builder-el-2  el_after_av_hr  el_before_av_three_fifth  first flex_column_div av-zero-column-padding  '     ><\/div>\n\n<style type=\"text\/css\" data-created_by=\"avia_inline_auto\" id=\"style-css-av-3l5t84-732554beaceba64325b7115bf5f35c1d\">\n.flex_column.av-3l5t84-732554beaceba64325b7115bf5f35c1d{\nborder-radius:0px 0px 0px 0px;\npadding:0px 0px 0px 0px;\n}\n<\/style>\n<div  class='flex_column av-3l5t84-732554beaceba64325b7115bf5f35c1d av_three_fifth  avia-builder-el-3  el_after_av_one_fifth  el_before_av_one_fifth  flex_column_div av-zero-column-padding  '     ><section  class='av_textblock_section av-k9uz5vlf-d44f731d8884ce46be4d2f31c5f285d3 '   itemscope=\"itemscope\" itemtype=\"https:\/\/schema.org\/CreativeWork\" ><div class='avia_textblock'  itemprop=\"text\" ><p style=\"text-align: center;\">Vous pourrez prendre rendez-vous ci-dessous pour un entretien, des conseils, un test ride, une demande de custom build ou tout simplement pour une discussion autour de votre projet v\u00e9lo.<\/p>\n<p style=\"text-align: center;\">&#8211;<\/p>\n<p style=\"text-align: center;\">Les entretiens ne se font que sur rendez-vous.<\/p>\n<p style=\"text-align: center;\">&#8211;<\/p>\n<p style=\"text-align: center;\">Le d\u00e9lai habituel est de 1 \u00e0 2 jours.<\/p>\n<\/div><\/section><\/div>\n\n<style type=\"text\/css\" data-created_by=\"avia_inline_auto\" id=\"style-css-av-2qertw-e3df00dff2e1cc5110a268840de63e68\">\n.flex_column.av-2qertw-e3df00dff2e1cc5110a268840de63e68{\nborder-radius:0px 0px 0px 0px;\npadding:0px 0px 0px 0px;\n}\n<\/style>\n<div  class='flex_column av-2qertw-e3df00dff2e1cc5110a268840de63e68 av_one_fifth  avia-builder-el-5  el_after_av_three_fifth  el_before_av_one_fifth  flex_column_div av-zero-column-padding  '     ><\/div>\n<div  class='flex_column av-av_one_fifth-a93934ecd89fbb8a9566d39e89cd3725 av_one_fifth  avia-builder-el-6  el_after_av_one_fifth  el_before_av_three_fifth  first flex_column_div  column-top-margin'     ><\/div>\n<div  class='flex_column av-av_three_fifth-d06667205e6186ec8414c6eb7605d406 av_three_fifth  avia-builder-el-7  el_after_av_one_fifth  el_before_av_one_fifth  flex_column_div  column-top-margin'     ><p><div  class='avia-button-wrap av-av_button-14d52e30fad2e1559e9f5c6cc511e14e-wrap avia-button-center  avia-builder-el-8  el_before_av_textblock  avia-builder-el-first '><a href='https:\/\/www.twsc.nl\/manneken-fiets-bv-wemmel\/?locale=fr_FR'  class='avia-button av-av_button-14d52e30fad2e1559e9f5c6cc511e14e av-link-btn avia-icon_select-no avia-size-large avia-position-center avia-color-theme-color'  target=\"_blank\"  rel=\"noopener noreferrer\"  aria-label=\"Planifier un RDV\"><span class='avia_iconbox_title' >Planifier un RDV<\/span><\/a><\/div><br \/>\n<section  class='av_textblock_section av-av_textblock-32af9c344aeda5838e62bcf702809feb '   itemscope=\"itemscope\" itemtype=\"https:\/\/schema.org\/CreativeWork\" ><div class='avia_textblock'  itemprop=\"text\" ><p style=\"text-align: center;\"><strong>Votre v\u00e9lo achet\u00e9 chez Manneken Fiets n\u00e9cessite une r\u00e9paration urgente?<br \/>\n<\/strong>Appelez-nous: 02 315 44 25<\/p>\n<\/div><\/section><\/p><\/div>\n<div  class='flex_column av-av_one_fifth-d06667205e6186ec8414c6eb7605d406 av_one_fifth  avia-builder-el-10  el_after_av_three_fifth  el_before_av_slideshow_full  avia-builder-el-last  flex_column_div  column-top-margin'     ><\/div>\n<\/div><\/div><\/div><!-- close content main div --><\/div><\/div><div id='full_slider_1'  class='avia-fullwidth-slider main_color avia-shadow   avia-builder-el-11  el_after_av_one_fifth  avia-builder-el-last   slider-not-first container_wrap sidebar_left'  ><div  class='avia-slideshow av-kas3f60h-cc5963ba33eebff7c14b2e9131cd8bbe avia-slideshow-featured av_slideshow_full avia-slide-slider av-slideshow-ui av-control-default av-slideshow-manual av-loop-once av-loop-manual-endless av-default-height-applied   avia-slideshow-1' data-slideshow-options=\"{&quot;animation&quot;:&quot;slide&quot;,&quot;autoplay&quot;:false,&quot;loop_autoplay&quot;:&quot;once&quot;,&quot;interval&quot;:5,&quot;loop_manual&quot;:&quot;manual-endless&quot;,&quot;autoplay_stopper&quot;:false,&quot;noNavigation&quot;:false,&quot;bg_slider&quot;:false,&quot;keep_padding&quot;:false,&quot;hoverpause&quot;:false,&quot;show_slide_delay&quot;:0}\"  itemprop=\"image\" itemscope=\"itemscope\" itemtype=\"https:\/\/schema.org\/ImageObject\" ><ul class='avia-slideshow-inner ' style='padding-bottom: 28.666666666667%;'><li  class='avia-slideshow-slide av-kas3f60h-cc5963ba33eebff7c14b2e9131cd8bbe__0  av-single-slide slide-1 slide-odd'><div data-rel='slideshow-1' class='avia-slide-wrap '   ><img decoding=\"async\" fetchpriority=\"high\" class=\"wp-image-1570 avia-img-lazy-loading-not-1570\"  src=\"https:\/\/www.mannekenfiets.be\/wp-content\/uploads\/2020\/05\/markus-spiske-sKIYn1_yvQs-unsplash-1500x430.jpg\" width=\"1500\" height=\"430\" title='markus-spiske-sKIYn1_yvQs-unsplash' alt=''  itemprop=\"thumbnailUrl\"   \/><\/div><\/li><\/ul><\/div><\/div>\n","protected":false},"excerpt":{"rendered":"","protected":false},"author":2,"featured_media":0,"parent":0,"menu_order":0,"comment_status":"closed","ping_status":"closed","template":"","meta":{"_monsterinsights_skip_tracking":false,"_monsterinsights_sitenote_active":false,"_monsterinsights_sitenote_note":"","_monsterinsights_sitenote_category":0,"footnotes":""},"class_list":["post-1690","page","type-page","status-publish","hentry"],"yoast_head":"<!-- This site is optimized with the Yoast SEO plugin v26.8 - https:\/\/yoast.com\/product\/yoast-seo-wordpress\/ -->\n<title>Prendre rendez-vous - Manneken Fiets<\/title>\n<meta name=\"description\" content=\"Prenez rendez-vous en ligne pour l&#039;entretien ou la r\u00e9paration de votre v\u00e9lo. Besoin d&#039;un v\u00e9lo neuf? La prise de rendez-vous est conseill\u00e9e \u00e9galement.\" \/>\n<meta name=\"robots\" content=\"index, follow, max-snippet:-1, max-image-preview:large, max-video-preview:-1\" \/>\n<link rel=\"canonical\" href=\"https:\/\/www.mannekenfiets.be\/fr\/prendre-rendez-vous\/\" \/>\n<meta property=\"og:locale\" content=\"fr_FR\" \/>\n<meta property=\"og:type\" content=\"article\" \/>\n<meta property=\"og:title\" content=\"Prendre rendez-vous - Manneken Fiets\" \/>\n<meta property=\"og:description\" content=\"Prenez rendez-vous en ligne pour l&#039;entretien ou la r\u00e9paration de votre v\u00e9lo. Besoin d&#039;un v\u00e9lo neuf? La prise de rendez-vous est conseill\u00e9e \u00e9galement.\" \/>\n<meta property=\"og:url\" content=\"https:\/\/www.mannekenfiets.be\/fr\/prendre-rendez-vous\/\" \/>\n<meta property=\"og:site_name\" content=\"Manneken Fiets\" \/>\n<meta property=\"article:modified_time\" content=\"2024-06-11T08:43:58+00:00\" \/>\n<meta name=\"twitter:card\" content=\"summary_large_image\" \/>\n<meta name=\"twitter:label1\" content=\"Dur\u00e9e de lecture estim\u00e9e\" \/>\n\t<meta name=\"twitter:data1\" content=\"9 minutes\" \/>\n<script type=\"application\/ld+json\" class=\"yoast-schema-graph\">{\"@context\":\"https:\/\/schema.org\",\"@graph\":[{\"@type\":\"WebPage\",\"@id\":\"https:\/\/www.mannekenfiets.be\/fr\/prendre-rendez-vous\/\",\"url\":\"https:\/\/www.mannekenfiets.be\/fr\/prendre-rendez-vous\/\",\"name\":\"Prendre rendez-vous - Manneken Fiets\",\"isPartOf\":{\"@id\":\"https:\/\/www.mannekenfiets.be\/fr\/#website\"},\"datePublished\":\"2020-05-16T18:07:07+00:00\",\"dateModified\":\"2024-06-11T08:43:58+00:00\",\"description\":\"Prenez rendez-vous en ligne pour l'entretien ou la r\u00e9paration de votre v\u00e9lo. Besoin d'un v\u00e9lo neuf? La prise de rendez-vous est conseill\u00e9e \u00e9galement.\",\"breadcrumb\":{\"@id\":\"https:\/\/www.mannekenfiets.be\/fr\/prendre-rendez-vous\/#breadcrumb\"},\"inLanguage\":\"fr-FR\",\"potentialAction\":[{\"@type\":\"ReadAction\",\"target\":[\"https:\/\/www.mannekenfiets.be\/fr\/prendre-rendez-vous\/\"]}]},{\"@type\":\"BreadcrumbList\",\"@id\":\"https:\/\/www.mannekenfiets.be\/fr\/prendre-rendez-vous\/#breadcrumb\",\"itemListElement\":[{\"@type\":\"ListItem\",\"position\":1,\"name\":\"Accueil\",\"item\":\"https:\/\/www.mannekenfiets.be\/fr\/home\/\"},{\"@type\":\"ListItem\",\"position\":2,\"name\":\"Prendre rendez-vous\"}]},{\"@type\":\"WebSite\",\"@id\":\"https:\/\/www.mannekenfiets.be\/fr\/#website\",\"url\":\"https:\/\/www.mannekenfiets.be\/fr\/\",\"name\":\"Manneken Fiets\",\"description\":\"\",\"publisher\":{\"@id\":\"https:\/\/www.mannekenfiets.be\/fr\/#organization\"},\"potentialAction\":[{\"@type\":\"SearchAction\",\"target\":{\"@type\":\"EntryPoint\",\"urlTemplate\":\"https:\/\/www.mannekenfiets.be\/fr\/?s={search_term_string}\"},\"query-input\":{\"@type\":\"PropertyValueSpecification\",\"valueRequired\":true,\"valueName\":\"search_term_string\"}}],\"inLanguage\":\"fr-FR\"},{\"@type\":\"Organization\",\"@id\":\"https:\/\/www.mannekenfiets.be\/fr\/#organization\",\"name\":\"Manneken Fiets\",\"url\":\"https:\/\/www.mannekenfiets.be\/fr\/\",\"logo\":{\"@type\":\"ImageObject\",\"inLanguage\":\"fr-FR\",\"@id\":\"https:\/\/www.mannekenfiets.be\/fr\/#\/schema\/logo\/image\/\",\"url\":\"https:\/\/www.mannekenfiets.be\/wp-content\/uploads\/2020\/05\/Schermafbeelding-2020-05-05-om-10.33.21-e1589351777361.png\",\"contentUrl\":\"https:\/\/www.mannekenfiets.be\/wp-content\/uploads\/2020\/05\/Schermafbeelding-2020-05-05-om-10.33.21-e1589351777361.png\",\"width\":832,\"height\":509,\"caption\":\"Manneken Fiets\"},\"image\":{\"@id\":\"https:\/\/www.mannekenfiets.be\/fr\/#\/schema\/logo\/image\/\"}}]}<\/script>\n<!-- \/ Yoast SEO plugin. -->","yoast_head_json":{"title":"Prendre rendez-vous - Manneken Fiets","description":"Prenez rendez-vous en ligne pour l'entretien ou la r\u00e9paration de votre v\u00e9lo. Besoin d'un v\u00e9lo neuf? La prise de rendez-vous est conseill\u00e9e \u00e9galement.","robots":{"index":"index","follow":"follow","max-snippet":"max-snippet:-1","max-image-preview":"max-image-preview:large","max-video-preview":"max-video-preview:-1"},"canonical":"https:\/\/www.mannekenfiets.be\/fr\/prendre-rendez-vous\/","og_locale":"fr_FR","og_type":"article","og_title":"Prendre rendez-vous - Manneken Fiets","og_description":"Prenez rendez-vous en ligne pour l'entretien ou la r\u00e9paration de votre v\u00e9lo. Besoin d'un v\u00e9lo neuf? La prise de rendez-vous est conseill\u00e9e \u00e9galement.","og_url":"https:\/\/www.mannekenfiets.be\/fr\/prendre-rendez-vous\/","og_site_name":"Manneken Fiets","article_modified_time":"2024-06-11T08:43:58+00:00","twitter_card":"summary_large_image","twitter_misc":{"Dur\u00e9e de lecture estim\u00e9e":"9 minutes"},"schema":{"@context":"https:\/\/schema.org","@graph":[{"@type":"WebPage","@id":"https:\/\/www.mannekenfiets.be\/fr\/prendre-rendez-vous\/","url":"https:\/\/www.mannekenfiets.be\/fr\/prendre-rendez-vous\/","name":"Prendre rendez-vous - Manneken Fiets","isPartOf":{"@id":"https:\/\/www.mannekenfiets.be\/fr\/#website"},"datePublished":"2020-05-16T18:07:07+00:00","dateModified":"2024-06-11T08:43:58+00:00","description":"Prenez rendez-vous en ligne pour l'entretien ou la r\u00e9paration de votre v\u00e9lo. Besoin d'un v\u00e9lo neuf? La prise de rendez-vous est conseill\u00e9e \u00e9galement.","breadcrumb":{"@id":"https:\/\/www.mannekenfiets.be\/fr\/prendre-rendez-vous\/#breadcrumb"},"inLanguage":"fr-FR","potentialAction":[{"@type":"ReadAction","target":["https:\/\/www.mannekenfiets.be\/fr\/prendre-rendez-vous\/"]}]},{"@type":"BreadcrumbList","@id":"https:\/\/www.mannekenfiets.be\/fr\/prendre-rendez-vous\/#breadcrumb","itemListElement":[{"@type":"ListItem","position":1,"name":"Accueil","item":"https:\/\/www.mannekenfiets.be\/fr\/home\/"},{"@type":"ListItem","position":2,"name":"Prendre rendez-vous"}]},{"@type":"WebSite","@id":"https:\/\/www.mannekenfiets.be\/fr\/#website","url":"https:\/\/www.mannekenfiets.be\/fr\/","name":"Manneken Fiets","description":"","publisher":{"@id":"https:\/\/www.mannekenfiets.be\/fr\/#organization"},"potentialAction":[{"@type":"SearchAction","target":{"@type":"EntryPoint","urlTemplate":"https:\/\/www.mannekenfiets.be\/fr\/?s={search_term_string}"},"query-input":{"@type":"PropertyValueSpecification","valueRequired":true,"valueName":"search_term_string"}}],"inLanguage":"fr-FR"},{"@type":"Organization","@id":"https:\/\/www.mannekenfiets.be\/fr\/#organization","name":"Manneken Fiets","url":"https:\/\/www.mannekenfiets.be\/fr\/","logo":{"@type":"ImageObject","inLanguage":"fr-FR","@id":"https:\/\/www.mannekenfiets.be\/fr\/#\/schema\/logo\/image\/","url":"https:\/\/www.mannekenfiets.be\/wp-content\/uploads\/2020\/05\/Schermafbeelding-2020-05-05-om-10.33.21-e1589351777361.png","contentUrl":"https:\/\/www.mannekenfiets.be\/wp-content\/uploads\/2020\/05\/Schermafbeelding-2020-05-05-om-10.33.21-e1589351777361.png","width":832,"height":509,"caption":"Manneken Fiets"},"image":{"@id":"https:\/\/www.mannekenfiets.be\/fr\/#\/schema\/logo\/image\/"}}]}},"_links":{"self":[{"href":"https:\/\/www.mannekenfiets.be\/fr\/wp-json\/wp\/v2\/pages\/1690","targetHints":{"allow":["GET"]}}],"collection":[{"href":"https:\/\/www.mannekenfiets.be\/fr\/wp-json\/wp\/v2\/pages"}],"about":[{"href":"https:\/\/www.mannekenfiets.be\/fr\/wp-json\/wp\/v2\/types\/page"}],"author":[{"embeddable":true,"href":"https:\/\/www.mannekenfiets.be\/fr\/wp-json\/wp\/v2\/users\/2"}],"replies":[{"embeddable":true,"href":"https:\/\/www.mannekenfiets.be\/fr\/wp-json\/wp\/v2\/comments?post=1690"}],"version-history":[{"count":36,"href":"https:\/\/www.mannekenfiets.be\/fr\/wp-json\/wp\/v2\/pages\/1690\/revisions"}],"predecessor-version":[{"id":9755,"href":"https:\/\/www.mannekenfiets.be\/fr\/wp-json\/wp\/v2\/pages\/1690\/revisions\/9755"}],"wp:attachment":[{"href":"https:\/\/www.mannekenfiets.be\/fr\/wp-json\/wp\/v2\/media?parent=1690"}],"curies":[{"name":"wp","href":"https:\/\/api.w.org\/{rel}","templated":true}]}}