{"id":1686,"date":"2020-05-16T20:02:44","date_gmt":"2020-05-16T18:02:44","guid":{"rendered":"https:\/\/www.mannekenfiets.be\/contact\/"},"modified":"2026-01-07T18:02:06","modified_gmt":"2026-01-07T17:02:06","slug":"contact","status":"publish","type":"page","link":"https:\/\/www.mannekenfiets.be\/fr\/contact\/","title":{"rendered":"Contact"},"content":{"rendered":"\n<style type=\"text\/css\" data-created_by=\"avia_inline_auto\" id=\"style-css-av-av_heading-ccde084ffdae5c9a98ace6c469e6dfc0\">\n#top .av-special-heading.av-av_heading-ccde084ffdae5c9a98ace6c469e6dfc0{\npadding-bottom:10px;\nfont-size:30px;\n}\nbody .av-special-heading.av-av_heading-ccde084ffdae5c9a98ace6c469e6dfc0 .av-special-heading-tag .heading-char{\nfont-size:25px;\n}\n#top #wrap_all .av-special-heading.av-av_heading-ccde084ffdae5c9a98ace6c469e6dfc0 .av-special-heading-tag{\nfont-size:30px;\n}\n.av-special-heading.av-av_heading-ccde084ffdae5c9a98ace6c469e6dfc0 .av-subheading{\nfont-size:15px;\n}\n\n@media only screen and (min-width: 480px) and (max-width: 767px){ \n#top #wrap_all .av-special-heading.av-av_heading-ccde084ffdae5c9a98ace6c469e6dfc0 .av-special-heading-tag{\nfont-size:0.8em;\n}\n}\n\n@media only screen and (max-width: 479px){ \n#top #wrap_all .av-special-heading.av-av_heading-ccde084ffdae5c9a98ace6c469e6dfc0 .av-special-heading-tag{\nfont-size:0.8em;\n}\n}\n<\/style>\n<div  class='av-special-heading av-av_heading-ccde084ffdae5c9a98ace6c469e6dfc0 av-special-heading-h3 blockquote modern-quote modern-centered  avia-builder-el-0  el_before_av_hr  avia-builder-el-first  av-inherit-size'><h3 class='av-special-heading-tag '  itemprop=\"headline\"  >CONTACT<\/h3><div class=\"special-heading-border\"><div class=\"special-heading-inner-border\"><\/div><\/div><\/div>\n\n<style type=\"text\/css\" data-created_by=\"avia_inline_auto\" id=\"style-css-av-k9tzdlz3-05d8a58f826144b297ce272e2a5cb77d\">\n#top .hr.hr-invisible.av-k9tzdlz3-05d8a58f826144b297ce272e2a5cb77d{\nheight:50px;\n}\n<\/style>\n<div  class='hr av-k9tzdlz3-05d8a58f826144b297ce272e2a5cb77d hr-invisible  avia-builder-el-1  el_after_av_heading  el_before_av_one_fifth '><span class='hr-inner '><span class=\"hr-inner-style\"><\/span><\/span><\/div>\n\n<style type=\"text\/css\" data-created_by=\"avia_inline_auto\" id=\"style-css-av-xzqw-d7d6088197bb271cd447f5c701515bd8\">\n.flex_column.av-xzqw-d7d6088197bb271cd447f5c701515bd8{\nborder-radius:0px 0px 0px 0px;\npadding:0px 0px 0px 0px;\n}\n<\/style>\n<div  class='flex_column av-xzqw-d7d6088197bb271cd447f5c701515bd8 av_one_fifth  avia-builder-el-2  el_after_av_hr  el_before_av_one_third  first flex_column_div av-zero-column-padding  '     ><\/div>\n\n<style type=\"text\/css\" data-created_by=\"avia_inline_auto\" id=\"style-css-av-7gi0-a774008d148bbf29bee0f466f3e031b2\">\n.flex_column.av-7gi0-a774008d148bbf29bee0f466f3e031b2{\nborder-radius:0px 0px 0px 0px;\npadding:0px 0px 0px 0px;\n}\n<\/style>\n<div  class='flex_column av-7gi0-a774008d148bbf29bee0f466f3e031b2 av_one_third  avia-builder-el-3  el_after_av_one_fifth  el_before_av_one_fourth  flex_column_div av-zero-column-padding  '     ><section  class='av_textblock_section av-lrhqn6y0-7fa4db02e984a45e464fadea9436a066 '   itemscope=\"itemscope\" itemtype=\"https:\/\/schema.org\/CreativeWork\" ><div class='avia_textblock'  itemprop=\"text\" ><div data-block=\"true\" data-editor=\"fhc21\" data-offset-key=\"ci7ce-0-0\"><\/div>\n<div data-block=\"true\" data-editor=\"fhc21\" data-offset-key=\"ci7ce-0-0\"><\/div>\n<div data-block=\"true\" data-editor=\"fhc21\" data-offset-key=\"ci7ce-0-0\"><\/div>\n<div data-block=\"true\" data-editor=\"fhc21\" data-offset-key=\"ci7ce-0-0\"><\/div>\n<div data-block=\"true\" data-editor=\"fhc21\" data-offset-key=\"ci7ce-0-0\"><\/div>\n<div class=\"\" data-block=\"true\" data-editor=\"fhc21\" data-offset-key=\"ci7ce-0-0\"><strong>HEURES D&rsquo;OUVERTURE<br \/>\n<\/strong><\/p>\n<div class=\"_1mf _1mj\" data-offset-key=\"aq0h6-0-0\">\n<table style=\"border-collapse: collapse; width: 100%; height: 152px;\">\n<tbody>\n<tr style=\"height: 19px;\">\n<td style=\"width: 33.3333%; height: 19px;\"><\/td>\n<td style=\"width: 33.3333%; height: 19px;\"><strong>Magasin<\/strong><\/td>\n<td style=\"width: 33.3333%; height: 19px;\"><strong>Atelier<\/strong><\/td>\n<\/tr>\n<tr style=\"height: 19px;\">\n<td style=\"width: 33.3333%; height: 19px;\"><strong>Lundi<\/strong><\/td>\n<td style=\"width: 33.3333%; height: 19px;\">Ferm\u00e9<\/td>\n<td style=\"width: 33.3333%; height: 19px;\">Ferm\u00e9<\/td>\n<\/tr>\n<tr style=\"height: 19px;\">\n<td style=\"width: 33.3333%; height: 19px;\"><strong>Mardi<\/strong><\/td>\n<td style=\"width: 33.3333%; height: 19px;\">13h00 &#8211; 18h30<\/td>\n<td style=\"width: 33.3333%; height: 19px;\">08h30 &#8211; 18h30 (sur RDV)<\/td>\n<\/tr>\n<tr style=\"height: 19px;\">\n<td style=\"width: 33.3333%; height: 19px;\"><strong>Mercredi<\/strong><\/td>\n<td style=\"width: 33.3333%; height: 19px;\">13h00 &#8211; 18h30<\/td>\n<td style=\"width: 33.3333%; height: 19px;\">08h30 &#8211; 18h30 (sur RDV)<\/td>\n<\/tr>\n<tr style=\"height: 19px;\">\n<td style=\"width: 33.3333%; height: 19px;\"><strong>Jeudi<\/strong><\/td>\n<td style=\"width: 33.3333%; height: 19px;\">13h00 &#8211; 18h30<\/td>\n<td style=\"width: 33.3333%; height: 19px;\">08h30 &#8211; 18h30 (sur RDV)<\/td>\n<\/tr>\n<tr style=\"height: 19px;\">\n<td style=\"width: 33.3333%; height: 19px;\"><strong>Vendredi<\/strong><\/td>\n<td style=\"width: 33.3333%; height: 19px;\">13h00 &#8211; 18h30<\/td>\n<td style=\"width: 33.3333%; height: 19px;\">08h30 &#8211; 18h30 (sur RDV)<\/td>\n<\/tr>\n<tr style=\"height: 19px;\">\n<td style=\"width: 33.3333%; height: 19px;\"><strong>Samedi<\/strong><\/td>\n<td style=\"width: 33.3333%; height: 19px;\">10h00 &#8211; 18h30<\/td>\n<td style=\"width: 33.3333%; height: 19px;\">10h00 &#8211; 18h30 (sur RDV)<\/td>\n<\/tr>\n<tr style=\"height: 19px;\">\n<td style=\"width: 33.3333%; height: 19px;\"><strong>Dimanche<\/strong><\/td>\n<td style=\"width: 33.3333%; height: 19px;\">Ferm\u00e9<\/td>\n<td style=\"width: 33.3333%; height: 19px;\">Ferm\u00e9<\/td>\n<\/tr>\n<\/tbody>\n<\/table>\n<\/div>\n<\/div>\n<p>&#8211;<\/p>\n<p>\u26a0\ufe0f Nos jours de fermeture exceptionnels sont mentionn\u00e9s sur notre <a href=\"https:\/\/www.google.com\/search?q=Manneken+Fiets\">page google.<\/a><\/p>\n<p>Les entretiens et r\u00e9parations ne se font que <a href=\"https:\/\/www.mannekenfiets.be\/fr\/prendre-rendez-vous\/\">sur rendez-vous<\/a>. Pour une petite urgence (r\u00e9glage freins, crevaison, &#8230;), n&rsquo;h\u00e9sitez pas \u00e0 nous appeler, nous essayerons d&rsquo;intervenir le jour m\u00eame.<\/p>\n<\/div><\/section><\/div>\n<style type=\"text\/css\" data-created_by=\"avia_inline_auto\" id=\"style-css-av-1kvig-1890f1a81f52d1bb7ed73ef6c7f00ed1\">\n.flex_column.av-1kvig-1890f1a81f52d1bb7ed73ef6c7f00ed1{\nborder-radius:0px 0px 0px 0px;\npadding:0px 0px 0px 0px;\n}\n<\/style>\n<div  class='flex_column av-1kvig-1890f1a81f52d1bb7ed73ef6c7f00ed1 av_one_fourth  avia-builder-el-5  el_after_av_one_third  el_before_av_one_fifth  flex_column_div av-zero-column-padding  '     ><section  class='av_textblock_section av-k9tz2zkl-5f84aefbb857f12364b7586748777da5 '   itemscope=\"itemscope\" itemtype=\"https:\/\/schema.org\/CreativeWork\" ><div class='avia_textblock'  itemprop=\"text\" ><p><strong>ADRESSE<\/strong><\/p>\n<p>Chauss\u00e9e de Merchtem 62<br \/>\n1780 Wemmel<\/p>\n<p><br class=\"avia-permanent-lb\" \/><strong>T\u00c9L\u00c9PHONE<\/strong><\/p>\n<p><a href=\"tel:+3223154425\">+32 (0)2 315 44 25<\/a><\/p>\n<p><br class=\"avia-permanent-lb\" \/><strong>EMAIL<\/strong><\/p>\n<p><a href=\"mailto:hello@mannekenfiets.be\">hello@mannekenfiets.be<\/a><\/p>\n<\/div><\/section><\/div><\/p>\n<div  class='flex_column av-av_one_fifth-d06667205e6186ec8414c6eb7605d406 av_one_fifth  avia-builder-el-7  el_after_av_one_fourth  el_before_av_section  avia-builder-el-last  flex_column_div  '     ><\/div>\n<\/div><\/div><\/div><!-- close content main div --><\/div><\/div><div id='av_section_1'  class='avia-section av-py34-52245a86b0ddf89a5ba7d683881f276b main_color avia-section-default avia-no-border-styling  avia-builder-el-8  el_after_av_one_fifth  avia-builder-el-last  avia-bg-style-scroll container_wrap sidebar_left'  ><div class='container av-section-cont-open' ><div class='template-page content  av-content-small units'><div class='post-entry post-entry-type-page post-entry-1686'><div class='entry-content-wrapper clearfix'>\n\n<\/div><\/div><\/div><!-- close content main div --><\/div><\/div><div id='after_section_1'  class='main_color av_default_container_wrap container_wrap sidebar_left'  ><div class='container av-section-cont-open' ><div class='template-page content  av-content-small units'><div class='post-entry post-entry-type-page post-entry-1686'><div class='entry-content-wrapper clearfix'>\n","protected":false},"excerpt":{"rendered":"","protected":false},"author":1,"featured_media":0,"parent":0,"menu_order":0,"comment_status":"open","ping_status":"open","template":"","meta":{"_monsterinsights_skip_tracking":false,"_monsterinsights_sitenote_active":false,"_monsterinsights_sitenote_note":"","_monsterinsights_sitenote_category":0,"footnotes":""},"class_list":["post-1686","page","type-page","status-publish","hentry"],"yoast_head":"<!-- This site is optimized with the Yoast SEO plugin v26.8 - https:\/\/yoast.com\/product\/yoast-seo-wordpress\/ -->\n<title>Contact - Manneken Fiets<\/title>\n<meta name=\"description\" content=\"Nous vous accueillons du mardi au samedi dans notre magasin situ\u00e9 au centre de Wemmel.\" \/>\n<meta name=\"robots\" content=\"index, follow, max-snippet:-1, max-image-preview:large, max-video-preview:-1\" \/>\n<link rel=\"canonical\" href=\"https:\/\/www.mannekenfiets.be\/fr\/contact\/\" \/>\n<meta property=\"og:locale\" content=\"fr_FR\" \/>\n<meta property=\"og:type\" content=\"article\" \/>\n<meta property=\"og:title\" content=\"Contact - Manneken Fiets\" \/>\n<meta property=\"og:description\" content=\"Nous vous accueillons du mardi au samedi dans notre magasin situ\u00e9 au centre de Wemmel.\" \/>\n<meta property=\"og:url\" content=\"https:\/\/www.mannekenfiets.be\/fr\/contact\/\" \/>\n<meta property=\"og:site_name\" content=\"Manneken Fiets\" \/>\n<meta property=\"article:modified_time\" content=\"2026-01-07T17:02:06+00:00\" \/>\n<meta name=\"twitter:card\" content=\"summary_large_image\" \/>\n<meta name=\"twitter:label1\" content=\"Dur\u00e9e de lecture estim\u00e9e\" \/>\n\t<meta name=\"twitter:data1\" content=\"3 minutes\" \/>\n<script type=\"application\/ld+json\" class=\"yoast-schema-graph\">{\"@context\":\"https:\/\/schema.org\",\"@graph\":[{\"@type\":\"WebPage\",\"@id\":\"https:\/\/www.mannekenfiets.be\/fr\/contact\/\",\"url\":\"https:\/\/www.mannekenfiets.be\/fr\/contact\/\",\"name\":\"Contact - Manneken Fiets\",\"isPartOf\":{\"@id\":\"https:\/\/www.mannekenfiets.be\/fr\/#website\"},\"datePublished\":\"2020-05-16T18:02:44+00:00\",\"dateModified\":\"2026-01-07T17:02:06+00:00\",\"description\":\"Nous vous accueillons du mardi au samedi dans notre magasin situ\u00e9 au centre de Wemmel.\",\"breadcrumb\":{\"@id\":\"https:\/\/www.mannekenfiets.be\/fr\/contact\/#breadcrumb\"},\"inLanguage\":\"fr-FR\",\"potentialAction\":[{\"@type\":\"ReadAction\",\"target\":[\"https:\/\/www.mannekenfiets.be\/fr\/contact\/\"]}]},{\"@type\":\"BreadcrumbList\",\"@id\":\"https:\/\/www.mannekenfiets.be\/fr\/contact\/#breadcrumb\",\"itemListElement\":[{\"@type\":\"ListItem\",\"position\":1,\"name\":\"Accueil\",\"item\":\"https:\/\/www.mannekenfiets.be\/fr\/home\/\"},{\"@type\":\"ListItem\",\"position\":2,\"name\":\"Contact\"}]},{\"@type\":\"WebSite\",\"@id\":\"https:\/\/www.mannekenfiets.be\/fr\/#website\",\"url\":\"https:\/\/www.mannekenfiets.be\/fr\/\",\"name\":\"Manneken Fiets\",\"description\":\"\",\"publisher\":{\"@id\":\"https:\/\/www.mannekenfiets.be\/fr\/#organization\"},\"potentialAction\":[{\"@type\":\"SearchAction\",\"target\":{\"@type\":\"EntryPoint\",\"urlTemplate\":\"https:\/\/www.mannekenfiets.be\/fr\/?s={search_term_string}\"},\"query-input\":{\"@type\":\"PropertyValueSpecification\",\"valueRequired\":true,\"valueName\":\"search_term_string\"}}],\"inLanguage\":\"fr-FR\"},{\"@type\":\"Organization\",\"@id\":\"https:\/\/www.mannekenfiets.be\/fr\/#organization\",\"name\":\"Manneken Fiets\",\"url\":\"https:\/\/www.mannekenfiets.be\/fr\/\",\"logo\":{\"@type\":\"ImageObject\",\"inLanguage\":\"fr-FR\",\"@id\":\"https:\/\/www.mannekenfiets.be\/fr\/#\/schema\/logo\/image\/\",\"url\":\"https:\/\/www.mannekenfiets.be\/wp-content\/uploads\/2020\/05\/Schermafbeelding-2020-05-05-om-10.33.21-e1589351777361.png\",\"contentUrl\":\"https:\/\/www.mannekenfiets.be\/wp-content\/uploads\/2020\/05\/Schermafbeelding-2020-05-05-om-10.33.21-e1589351777361.png\",\"width\":832,\"height\":509,\"caption\":\"Manneken Fiets\"},\"image\":{\"@id\":\"https:\/\/www.mannekenfiets.be\/fr\/#\/schema\/logo\/image\/\"}}]}<\/script>\n<!-- \/ Yoast SEO plugin. -->","yoast_head_json":{"title":"Contact - Manneken Fiets","description":"Nous vous accueillons du mardi au samedi dans notre magasin situ\u00e9 au centre de Wemmel.","robots":{"index":"index","follow":"follow","max-snippet":"max-snippet:-1","max-image-preview":"max-image-preview:large","max-video-preview":"max-video-preview:-1"},"canonical":"https:\/\/www.mannekenfiets.be\/fr\/contact\/","og_locale":"fr_FR","og_type":"article","og_title":"Contact - Manneken Fiets","og_description":"Nous vous accueillons du mardi au samedi dans notre magasin situ\u00e9 au centre de Wemmel.","og_url":"https:\/\/www.mannekenfiets.be\/fr\/contact\/","og_site_name":"Manneken Fiets","article_modified_time":"2026-01-07T17:02:06+00:00","twitter_card":"summary_large_image","twitter_misc":{"Dur\u00e9e de lecture estim\u00e9e":"3 minutes"},"schema":{"@context":"https:\/\/schema.org","@graph":[{"@type":"WebPage","@id":"https:\/\/www.mannekenfiets.be\/fr\/contact\/","url":"https:\/\/www.mannekenfiets.be\/fr\/contact\/","name":"Contact - Manneken Fiets","isPartOf":{"@id":"https:\/\/www.mannekenfiets.be\/fr\/#website"},"datePublished":"2020-05-16T18:02:44+00:00","dateModified":"2026-01-07T17:02:06+00:00","description":"Nous vous accueillons du mardi au samedi dans notre magasin situ\u00e9 au centre de Wemmel.","breadcrumb":{"@id":"https:\/\/www.mannekenfiets.be\/fr\/contact\/#breadcrumb"},"inLanguage":"fr-FR","potentialAction":[{"@type":"ReadAction","target":["https:\/\/www.mannekenfiets.be\/fr\/contact\/"]}]},{"@type":"BreadcrumbList","@id":"https:\/\/www.mannekenfiets.be\/fr\/contact\/#breadcrumb","itemListElement":[{"@type":"ListItem","position":1,"name":"Accueil","item":"https:\/\/www.mannekenfiets.be\/fr\/home\/"},{"@type":"ListItem","position":2,"name":"Contact"}]},{"@type":"WebSite","@id":"https:\/\/www.mannekenfiets.be\/fr\/#website","url":"https:\/\/www.mannekenfiets.be\/fr\/","name":"Manneken Fiets","description":"","publisher":{"@id":"https:\/\/www.mannekenfiets.be\/fr\/#organization"},"potentialAction":[{"@type":"SearchAction","target":{"@type":"EntryPoint","urlTemplate":"https:\/\/www.mannekenfiets.be\/fr\/?s={search_term_string}"},"query-input":{"@type":"PropertyValueSpecification","valueRequired":true,"valueName":"search_term_string"}}],"inLanguage":"fr-FR"},{"@type":"Organization","@id":"https:\/\/www.mannekenfiets.be\/fr\/#organization","name":"Manneken Fiets","url":"https:\/\/www.mannekenfiets.be\/fr\/","logo":{"@type":"ImageObject","inLanguage":"fr-FR","@id":"https:\/\/www.mannekenfiets.be\/fr\/#\/schema\/logo\/image\/","url":"https:\/\/www.mannekenfiets.be\/wp-content\/uploads\/2020\/05\/Schermafbeelding-2020-05-05-om-10.33.21-e1589351777361.png","contentUrl":"https:\/\/www.mannekenfiets.be\/wp-content\/uploads\/2020\/05\/Schermafbeelding-2020-05-05-om-10.33.21-e1589351777361.png","width":832,"height":509,"caption":"Manneken Fiets"},"image":{"@id":"https:\/\/www.mannekenfiets.be\/fr\/#\/schema\/logo\/image\/"}}]}},"_links":{"self":[{"href":"https:\/\/www.mannekenfiets.be\/fr\/wp-json\/wp\/v2\/pages\/1686","targetHints":{"allow":["GET"]}}],"collection":[{"href":"https:\/\/www.mannekenfiets.be\/fr\/wp-json\/wp\/v2\/pages"}],"about":[{"href":"https:\/\/www.mannekenfiets.be\/fr\/wp-json\/wp\/v2\/types\/page"}],"author":[{"embeddable":true,"href":"https:\/\/www.mannekenfiets.be\/fr\/wp-json\/wp\/v2\/users\/1"}],"replies":[{"embeddable":true,"href":"https:\/\/www.mannekenfiets.be\/fr\/wp-json\/wp\/v2\/comments?post=1686"}],"version-history":[{"count":58,"href":"https:\/\/www.mannekenfiets.be\/fr\/wp-json\/wp\/v2\/pages\/1686\/revisions"}],"predecessor-version":[{"id":11022,"href":"https:\/\/www.mannekenfiets.be\/fr\/wp-json\/wp\/v2\/pages\/1686\/revisions\/11022"}],"wp:attachment":[{"href":"https:\/\/www.mannekenfiets.be\/fr\/wp-json\/wp\/v2\/media?parent=1686"}],"curies":[{"name":"wp","href":"https:\/\/api.w.org\/{rel}","templated":true}]}}